{"id":1381,"date":"2023-11-01T12:16:52","date_gmt":"2023-11-01T11:16:52","guid":{"rendered":"http:\/\/karol.cleancodeas.pl\/?page_id=1381"},"modified":"2023-11-01T12:17:41","modified_gmt":"2023-11-01T11:17:41","slug":"regulamin","status":"publish","type":"page","link":"https:\/\/symulator-dachowania.pl\/?page_id=1381","title":{"rendered":"Regulamin"},"content":{"rendered":"\t\t<div data-elementor-type=\"wp-page\" data-elementor-id=\"1381\" class=\"elementor elementor-1381\" data-elementor-post-type=\"page\">\n\t\t\t\t\t\t\t<div class=\"has_eae_slider elementor-element elementor-element-2d69f0d e-flex e-con-boxed e-con e-parent\" data-id=\"2d69f0d\" data-element_type=\"container\" data-settings=\"{&quot;background_background&quot;:&quot;classic&quot;,&quot;content_width&quot;:&quot;boxed&quot;}\" data-core-v316-plus=\"true\">\n\t\t\t\t\t<div class=\"e-con-inner\">\n\t\t<div class=\"has_eae_slider elementor-element elementor-element-e043eb2 e-flex e-con-boxed e-con e-child\" data-id=\"e043eb2\" data-element_type=\"container\" data-settings=\"{&quot;content_width&quot;:&quot;boxed&quot;}\">\n\t\t\t\t\t<div class=\"e-con-inner\">\n\t\t\t\t<div class=\"elementor-element elementor-element-11d046b elementor-widget elementor-widget-heading\" data-id=\"11d046b\" data-element_type=\"widget\" data-widget_type=\"heading.default\">\n\t\t\t\t<div class=\"elementor-widget-container\">\n\t\t\t<style>\/*! elementor - v3.17.0 - 25-10-2023 *\/\n.elementor-heading-title{padding:0;margin:0;line-height:1}.elementor-widget-heading .elementor-heading-title[class*=elementor-size-]>a{color:inherit;font-size:inherit;line-height:inherit}.elementor-widget-heading .elementor-heading-title.elementor-size-small{font-size:15px}.elementor-widget-heading .elementor-heading-title.elementor-size-medium{font-size:19px}.elementor-widget-heading .elementor-heading-title.elementor-size-large{font-size:29px}.elementor-widget-heading .elementor-heading-title.elementor-size-xl{font-size:39px}.elementor-widget-heading .elementor-heading-title.elementor-size-xxl{font-size:59px}<\/style><h2 class=\"elementor-heading-title elementor-size-default\">Regulamin<\/h2>\t\t<\/div>\n\t\t\t\t<\/div>\n\t\t\t\t\t<\/div>\n\t\t\t\t<\/div>\n\t\t\t\t\t<\/div>\n\t\t\t\t<\/div>\n\t\t<div class=\"has_eae_slider elementor-element elementor-element-dc6844c e-flex e-con-boxed e-con e-parent\" data-id=\"dc6844c\" data-element_type=\"container\" data-settings=\"{&quot;content_width&quot;:&quot;boxed&quot;}\" data-core-v316-plus=\"true\">\n\t\t\t\t\t<div class=\"e-con-inner\">\n\t\t\t\t<div class=\"elementor-element elementor-element-f5dd965 elementor-icon-list--layout-traditional elementor-list-item-link-full_width elementor-widget elementor-widget-icon-list\" data-id=\"f5dd965\" data-element_type=\"widget\" data-widget_type=\"icon-list.default\">\n\t\t\t\t<div class=\"elementor-widget-container\">\n\t\t\t<link rel=\"stylesheet\" href=\"https:\/\/symulator-dachowania.pl\/wp-content\/plugins\/elementor\/assets\/css\/widget-icon-list.min.css\">\t\t<ul class=\"elementor-icon-list-items\">\n\t\t\t\t\t\t\t<li class=\"elementor-icon-list-item\">\n\t\t\t\t\t\t\t\t\t\t\t<a href=\"https:\/\/symulator-dachowania.pl\/\">\n\n\t\t\t\t\t\t\t\t\t\t\t\t<span class=\"elementor-icon-list-icon\">\n\t\t\t\t\t\t\t<i aria-hidden=\"true\" class=\"fas fa-arrow-left\"><\/i>\t\t\t\t\t\t<\/span>\n\t\t\t\t\t\t\t\t\t\t<span class=\"elementor-icon-list-text\">Powr\u00f3t do strony g\u0142\u00f3wnej<\/span>\n\t\t\t\t\t\t\t\t\t\t\t<\/a>\n\t\t\t\t\t\t\t\t\t<\/li>\n\t\t\t\t\t\t<\/ul>\n\t\t\t\t<\/div>\n\t\t\t\t<\/div>\n\t\t\t\t\t<\/div>\n\t\t\t\t<\/div>\n\t\t<div class=\"has_eae_slider elementor-element elementor-element-cdc45d1 e-flex e-con-boxed e-con e-parent\" data-id=\"cdc45d1\" data-element_type=\"container\" data-settings=\"{&quot;content_width&quot;:&quot;boxed&quot;}\" data-core-v316-plus=\"true\">\n\t\t\t\t\t<div class=\"e-con-inner\">\n\t\t\t\t<div class=\"elementor-element elementor-element-94ef069 elementor-widget elementor-widget-text-editor\" data-id=\"94ef069\" data-element_type=\"widget\" data-widget_type=\"text-editor.default\">\n\t\t\t\t<div class=\"elementor-widget-container\">\n\t\t\t<style>\/*! elementor - v3.17.0 - 25-10-2023 *\/\n.elementor-widget-text-editor.elementor-drop-cap-view-stacked .elementor-drop-cap{background-color:#69727d;color:#fff}.elementor-widget-text-editor.elementor-drop-cap-view-framed .elementor-drop-cap{color:#69727d;border:3px solid;background-color:transparent}.elementor-widget-text-editor:not(.elementor-drop-cap-view-default) .elementor-drop-cap{margin-top:8px}.elementor-widget-text-editor:not(.elementor-drop-cap-view-default) .elementor-drop-cap-letter{width:1em;height:1em}.elementor-widget-text-editor .elementor-drop-cap{float:left;text-align:center;line-height:1;font-size:50px}.elementor-widget-text-editor .elementor-drop-cap-letter{display:inline-block}<\/style>\t\t\t\t<p>REGULAMIN KORZYSTANIA Z ATRAKCJI I SYMULATOR\u00d3W<br \/>Niniejszy Regulamin okre\u015bla og\u00f3lne warunki korzystania z stanowiska atrakcji i symulator\u00f3w motoryzacyjnych podczas event\u00f3w, szkole\u0144, targ\u00f3w i innych imprez masowych, przy zachowaniu przepis\u00f3w og\u00f3lnych bezpiecze\u0144stwa ruchu drogowego, przeciwpo\u017carowych, ochrony \u015brodowiska, BHP, ustawy o wychowaniu w trze\u017awo\u015bci i przeciwdzia\u0142aniu alkoholizmowi, odr\u0119bnych ustaw i przepis\u00f3w szczeg\u00f3\u0142owych oraz polece\u0144 os\u00f3b zarz\u0105dzaj\u0105cych urz\u0105dzeniami.<\/p>\n<p>I. POSTANOWIENIA OG\u00d3LNE<br \/>1. Ilekro\u0107 w niniejszym Regulaminie jest mowa o:<br \/>A) Zarz\u0105dzaj\u0105cym \u2013 rozumie si\u0119 przez to podmiot i osoby upowa\u017cnione do dzia\u0142ania w jego imieniu,<br \/>B) U\u017cytkownik \u2013 rozumie si\u0119 przez to osoby lub podmioty, kt\u00f3re na podstawie zawartej z Zarz\u0105dzaj\u0105cym umowy lub porozumienia korzystaj\u0105 z atrakcji i symulator\u00f3w motoryzacyjnych w celu okre\u015blonej dzia\u0142alno\u015bci lub wykonania ustalonych czynno\u015bci,<br \/>C) Dzia\u0142aniu si\u0142y wy\u017cszej \u2013 rozumie si\u0119 przez to zdarzenia o charakterze nadzwyczajnym, kt\u00f3rym nie mo\u017cna zapobiec i na kt\u00f3re Zarz\u0105dzaj\u0105cy nie ma wp\u0142ywu, w szczeg\u00f3lno\u015bci dzia\u0142ania si\u0142y natury, decyzje pa\u0144stwowe, strajki, zamieszki, itp.<br \/>2. Osoby w wieku do lat 18 mog\u0105 korzysta\u0107 z atrakcji i symulator\u00f3w motoryzacyjnych wy\u0142\u0105cznie za zgod\u0105 i pod nadzorem pe\u0142noletniego opiekuna, po uzyskaniu zgody Zarz\u0105dzaj\u0105cego.<br \/>3. Wszyscy u\u017cytkownicy oraz inne osoby, przebywaj\u0105ce na terenie event\u00f3w, szkole\u0144, targ\u00f3w i innych imprez masowych zobowi\u0105zane s\u0105 do bezwzgl\u0119dnego stosowania si\u0119 do postanowie\u0144 niniejszego Regulaminu, wskaz\u00f3wek oraz polece\u0144 Zarz\u0105dzaj\u0105cego, a tak\u017ce przestrzegania obowi\u0105zk\u00f3w zwi\u0105zanych z bezpiecznym u\u017cytkowaniem, pod rygorem wykluczenia z udzia\u0142u w kursie, treningu, korzystania z stanowiska atrakcji i symulator\u00f3w motoryzacyjnych.<br \/>4. Przed przyst\u0105pieniem do korzystania z stanowiska atrakcji i symulator\u00f3w motoryzacyjnych U\u017cytkownicy oraz pozosta\u0142e osoby, zobowi\u0105zane s\u0105 zapozna\u0107 si\u0119 z niniejszym Regulaminem oraz potwierdzi\u0107 akceptacj\u0119 jego postanowie\u0144 poprzez z\u0142o\u017cenie podpisu pod Regulaminem, udost\u0119pnionym mu przez Zarz\u0105dzaj\u0105cego.<br \/>5. Na stanowiska atrakcji i symulator\u00f3w motoryzacyjnych zabrania si\u0119 wnoszenia i posiadania broni lub innych niebezpiecznych przedmiot\u00f3w, materia\u0142\u00f3w wybuchowych, wyrob\u00f3w pirotechnicznych, materia\u0142\u00f3w po\u017carowo niebezpiecznych, napoj\u00f3w alkoholowych, \u015brodk\u00f3w odurzaj\u0105cych, substancji psychotropowych.<br \/>6. Na stanowiska atrakcji i symulator\u00f3w motoryzacyjnych nie b\u0119d\u0105 wpuszczane osoby: nietrze\u017awe, b\u0119d\u0105ce pod wp\u0142ywem \u015brodk\u00f3w odurzaj\u0105cych, zachowuj\u0105ce si\u0119 agresywnie, posiadaj\u0105ce przedmioty okre\u015blone w pkt. 5.<br \/>7. Osoba, kt\u00f3ra nie b\u0119dzie przestrzega\u0142a postanowie\u0144 Regulaminu lub wprowadzi w b\u0142\u0105d Zarz\u0105dzaj\u0105cego w sprawach obj\u0119tych Regulaminem, zostanie natychmiast usuni\u0119ta ze stanowiska atrakcji i symulator\u00f3w motoryzacyjnych bez prawa roszcze\u0144 z tego tytu\u0142u. Uczestnik, kt\u00f3ry spowodowa\u0142 przy tym zagro\u017cenie bezpiecze\u0144stwa lub zniszczenie mienia, b\u0119dzie ponosi\u0142a skutki prawne na zasadzie winy umy\u015blnej.<br \/>8. Wszelkie decyzje i zarz\u0105dzenia Zarz\u0105dzaj\u0105cego s\u0105 ostateczne oraz nie przys\u0142uguje od nich \u015brodek zaskar\u017cenia.<br \/>II. WARUNKI KORZYSTANIA<br \/>9. Obowi\u0105zkiem U\u017cytkownik\u00f3w jest:<br \/>a) zachowanie szczeg\u00f3lnej ostro\u017cno\u015bci wobec innych os\u00f3b korzystaj\u0105cych z atrakcji i symulator\u00f3w motoryzacyjnych,<br \/>b) przestrzegania przepis\u00f3w oraz zasad, wynikaj\u0105cych z przepis\u00f3w prawa o ruchu drogowym, BHP, przeciwpo\u017carowych, ochrony \u015brodowiska, w tym zapewnienia nale\u017cytego stanu technicznego wykorzystywanych atrakcji i symulator\u00f3w motoryzacyjnych,<br \/>c) natychmiastowego powstrzymania si\u0119 od korzystania z atrakcji i symulator\u00f3w motoryzacyjnych lub innych dzia\u0142a\u0144 i bezzw\u0142ocznego poinformowania Zarz\u0105dzaj\u0105cego, w przypadku powstania jakichkolwiek zagro\u017ce\u0144 bezpiecze\u0144stwa i zdrowia ludzi lub mienia,<br \/>d) przebywania w miejscach wyznaczonych przez Zarz\u0105dzaj\u0105cego,<br \/>e) bezwzgl\u0119dnego stosowania si\u0119 i wykonywania polece\u0144 Zarz\u0105dzaj\u0105cego.<br \/>10. Na terenie stanowiska atrakcji i symulator\u00f3w motoryzacyjnych obowi\u0105zuje bezwzgl\u0119dny zakaz spo\u017cywania alkoholu, \u015brodk\u00f3w odurzaj\u0105cych i psychotropowych.<br \/>11. Niezb\u0119dnym warunkiem korzystania z atrakcji jest zezwolenie na wykorzystanie wizerunku. Ja, ni\u017cej podpisany\/a, wyra\u017cam zgod\u0119 na nieodp\u0142atne utrwalenie mojego wizerunku, w formie fotografii lub filmu, w ramach sesji fotograficznej przeprowadzonej przez FILMAT O\u015bwi\u0119cim na imprezie masowej. Zgoda obejmuje wykorzystanie, utrwalanie i powielanie wykonanych zdj\u0119\u0107 za po\u015brednictwem dowolnego medium w dowolnym celu zgodnym z obowi\u0105zuj\u0105cym prawem, w\u0142\u0105czaj\u0105c w to publikacj\u0119 w gazetach, czasopismach okresowych, czasopismach okazjonalnych, folderach, publikacjach elektronicznych, stronach internetowych, wystawach, konkursach etc. Jednocze\u015bnie zrzekam si\u0119 praw zwi\u0105zanych z kontrol\u0105 i zatwierdzaniem ka\u017cdorazowego wykorzystania fotografii z moim wizerunkiem.<\/p>\n<p>III. ODPOWIEDZIALNO\u015a\u0106<br \/>12. U\u017cytkownicy stanowiska atrakcji i symulator\u00f3w motoryzacyjnych oraz wszelkie inne osoby, przebywaj\u0105ce jego terenie ponosz\u0105 pe\u0142n\u0105 i wy\u0142\u0105czn\u0105 odpowiedzialno\u015b\u0107 za szkody na osobie i w mieniu wywo\u0142ane swym dzia\u0142aniem lub zaniechaniem, w tym za szkody wynik\u0142e z niezastosowania si\u0119 do zasad korzystania z stanowiska atrakcji i symulator\u00f3w motoryzacyjnych okre\u015blonych niniejszym Regulaminem.<br \/>13. Zarz\u0105dzaj\u0105cy zastrzega sobie prawo do wykluczenia z korzystania z stanowiska atrakcji i symulator\u00f3w motoryzacyjnych, u\u017cytkownik\u00f3w, co do kt\u00f3rych istnieje uzasadnione podejrzenie, \u017ce znajduj\u0105 si\u0119 w stanie po spo\u017cyciu alkoholu lub pod wp\u0142ywem substancji odurzaj\u0105cych i\/lub \u0142ami\u0105cych zasady &#8211; bez prawa do ubiegania si\u0119 przez nich zwrotu op\u0142aty za \u015bwiadczon\u0105 us\u0142ug\u0119. W sytuacjach spornych, Zarz\u0105dzaj\u0105cy wezwie odpowiednie s\u0142u\u017cby w celu ustalenia powy\u017cszych okoliczno\u015bci.<br \/>14. Ka\u017cda osoba korzysta z stanowiska atrakcji i symulator\u00f3w motoryzacyjnych na w\u0142asne ryzyko, z wy\u0142\u0105czeniem jakiejkolwiek odpowiedzialno\u015bci Zarz\u0105dzaj\u0105cego, w szczeg\u00f3lno\u015bci z tytu\u0142u stanu terenu, urz\u0105dze\u0144 i instalacji. Wst\u0119p, uczestnictwo i korzystanie z stanowiska atrakcji i symulator\u00f3w motoryzacyjnych nast\u0119puje pod warunkiem zwolnienia Zarz\u0105dzaj\u0105cego z odpowiedzialno\u015bci z tytu\u0142u zdarze\u0144, kt\u00f3re nie wynikaj\u0105 z udowodnionej i wy\u0142\u0105cznej winy umy\u015blnej Zarz\u0105dzaj\u0105cego.<br \/>15. Zarz\u0105dzaj\u0105cy nie odpowiada za jakiekolwiek szkody powsta\u0142e na osobie i mieniu Uczestnik\u00f3w i os\u00f3b trzecich w wyniku Dzia\u0142ania si\u0142 wy\u017cszych.<\/p>\n<p>IV. POSTANOWIENIA KO\u0143COWE<br \/>16. Regulamin obowi\u0105zuje od dnia 1 stycznia 2016 roku.<\/p>\t\t\t\t\t\t<\/div>\n\t\t\t\t<\/div>\n\t\t\t\t\t<\/div>\n\t\t\t\t<\/div>\n\t\t\t\t\t\t\t<\/div>\n\t\t","protected":false},"excerpt":{"rendered":"<p>Regulamin Powr\u00f3t do strony g\u0142\u00f3wnej REGULAMIN KORZYSTANIA Z ATRAKCJI I SYMULATOR\u00d3WNiniejszy Regulamin okre\u015bla og\u00f3lne warunki korzystania z stanowiska atrakcji i symulator\u00f3w motoryzacyjnych podczas event\u00f3w, szkole\u0144, targ\u00f3w i innych imprez masowych, przy zachowaniu przepis\u00f3w og\u00f3lnych bezpiecze\u0144stwa ruchu drogowego, przeciwpo\u017carowych, ochrony \u015brodowiska, BHP, ustawy o wychowaniu w trze\u017awo\u015bci i przeciwdzia\u0142aniu alkoholizmowi, odr\u0119bnych ustaw i przepis\u00f3w szczeg\u00f3\u0142owych oraz [&hellip;]<\/p>\n","protected":false},"author":1,"featured_media":0,"parent":0,"menu_order":0,"comment_status":"closed","ping_status":"closed","template":"","meta":{"footnotes":""},"class_list":["post-1381","page","type-page","status-publish","hentry"],"_links":{"self":[{"href":"https:\/\/symulator-dachowania.pl\/index.php?rest_route=\/wp\/v2\/pages\/1381"}],"collection":[{"href":"https:\/\/symulator-dachowania.pl\/index.php?rest_route=\/wp\/v2\/pages"}],"about":[{"href":"https:\/\/symulator-dachowania.pl\/index.php?rest_route=\/wp\/v2\/types\/page"}],"author":[{"embeddable":true,"href":"https:\/\/symulator-dachowania.pl\/index.php?rest_route=\/wp\/v2\/users\/1"}],"replies":[{"embeddable":true,"href":"https:\/\/symulator-dachowania.pl\/index.php?rest_route=%2Fwp%2Fv2%2Fcomments&post=1381"}],"version-history":[{"count":4,"href":"https:\/\/symulator-dachowania.pl\/index.php?rest_route=\/wp\/v2\/pages\/1381\/revisions"}],"predecessor-version":[{"id":1385,"href":"https:\/\/symulator-dachowania.pl\/index.php?rest_route=\/wp\/v2\/pages\/1381\/revisions\/1385"}],"wp:attachment":[{"href":"https:\/\/symulator-dachowania.pl\/index.php?rest_route=%2Fwp%2Fv2%2Fmedia&parent=1381"}],"curies":[{"name":"wp","href":"https:\/\/api.w.org\/{rel}","templated":true}]}}